{"id":9836,"date":"2025-04-02T11:08:13","date_gmt":"2025-04-02T09:08:13","guid":{"rendered":"https:\/\/staging2.sicilymyhome.com\/contact\/"},"modified":"2025-12-08T08:37:17","modified_gmt":"2025-12-08T07:37:17","slug":"contact","status":"publish","type":"page","link":"https:\/\/staging2.sicilymyhome.com\/fr\/contact\/","title":{"rendered":"Contact"},"content":{"rendered":"\t\t<div data-elementor-type=\"wp-page\" data-elementor-id=\"9836\" class=\"elementor elementor-9836 elementor-1795\" data-elementor-post-type=\"page\">\n\t\t\t\t<div class=\"elementor-element elementor-element-b5857df e-con-full e-flex e-con e-parent\" data-id=\"b5857df\" data-element_type=\"container\" data-settings=\"{&quot;jet_parallax_layout_list&quot;:[]}\">\n\t\t\t\t<div class=\"elementor-element elementor-element-d747e4d elementor-widget elementor-widget-template\" data-id=\"d747e4d\" data-element_type=\"widget\" data-widget_type=\"template.default\">\n\t\t\t\t<div class=\"elementor-widget-container\">\n\t\t\t\t\t\t\t<div class=\"elementor-template\">\n\t\t\t\t\t<div data-elementor-type=\"section\" data-elementor-id=\"21882\" class=\"elementor elementor-21882 elementor-4500\" data-elementor-post-type=\"elementor_library\">\n\t\t\t<div class=\"elementor-element elementor-element-2b55d41 e-flex e-con-boxed e-con e-parent\" data-id=\"2b55d41\" data-element_type=\"container\" data-settings=\"{&quot;background_background&quot;:&quot;classic&quot;,&quot;jet_parallax_layout_list&quot;:[]}\">\n\t\t\t\t\t<div class=\"e-con-inner\">\n\t\t<div class=\"elementor-element elementor-element-e53a8f8 e-con-full e-flex e-con e-child\" data-id=\"e53a8f8\" data-element_type=\"container\" data-settings=\"{&quot;jet_parallax_layout_list&quot;:[]}\">\n\t\t\t\t<\/div>\n\t\t\t\t\t<\/div>\n\t\t\t\t<\/div>\n\t\t\t\t<\/div>\n\t\t\t\t<\/div>\n\t\t\t\t\t\t<\/div>\n\t\t\t\t<\/div>\n\t\t\t\t<\/div>\n\t\t<div class=\"elementor-element elementor-element-2541d6a e-flex e-con-boxed e-con e-parent\" data-id=\"2541d6a\" data-element_type=\"container\" data-settings=\"{&quot;jet_parallax_layout_list&quot;:[]}\">\n\t\t\t\t\t<div class=\"e-con-inner\">\n\t\t<div class=\"elementor-element elementor-element-23a4507 e-con-full e-flex e-con e-child\" data-id=\"23a4507\" data-element_type=\"container\" data-settings=\"{&quot;jet_parallax_layout_list&quot;:[]}\">\n\t\t<div class=\"elementor-element elementor-element-da3d49b e-con-full e-flex e-con e-child\" data-id=\"da3d49b\" data-element_type=\"container\" data-settings=\"{&quot;jet_parallax_layout_list&quot;:[]}\">\n\t\t\t\t<div class=\"elementor-element elementor-element-1c2cbba elementor-widget elementor-widget-heading\" data-id=\"1c2cbba\" data-element_type=\"widget\" data-widget_type=\"heading.default\">\n\t\t\t\t<div class=\"elementor-widget-container\">\n\t\t\t\t\t<h2 class=\"elementor-heading-title elementor-size-default\">Vous souhaitez nous contacter ?<\/h2>\t\t\t\t<\/div>\n\t\t\t\t<\/div>\n\t\t\t\t<div class=\"elementor-element elementor-element-47b9484 elementor-widget elementor-widget-text-editor\" data-id=\"47b9484\" data-element_type=\"widget\" data-widget_type=\"text-editor.default\">\n\t\t\t\t<div class=\"elementor-widget-container\">\n\t\t\t\t\t\t\t\t\t<p>Nous sommes toujours \u00e0 votre disposition. Que vous souhaitiez vous renseigner sur nos villas, conna\u00eetre tous les services que nous offrons ou proposer une nouvelle propri\u00e9t\u00e9 de luxe avec piscine ou avec acc\u00e8s \u00e0 la mer, n&rsquo;h\u00e9sitez pas \u00e0 nous \u00e9crire ou \u00e0 nous appeler. <\/p>\n\t\t\t\t\t\t\t\t<\/div>\n\t\t\t\t<\/div>\n\t\t<div class=\"elementor-element elementor-element-0b3e2c3 e-con-full e-flex e-con e-child\" data-id=\"0b3e2c3\" data-element_type=\"container\" data-settings=\"{&quot;jet_parallax_layout_list&quot;:[]}\">\n\t\t\t\t<div class=\"elementor-element elementor-element-13400c8 elementor-view-stacked elementor-shape-rounded elementor-position-left elementor-mobile-position-left elementor-widget elementor-widget-icon-box\" data-id=\"13400c8\" data-element_type=\"widget\" data-widget_type=\"icon-box.default\">\n\t\t\t\t<div class=\"elementor-widget-container\">\n\t\t\t\t\t\t\t<div class=\"elementor-icon-box-wrapper\">\n\n\t\t\t\t\t\t<div class=\"elementor-icon-box-icon\">\n\t\t\t\t<a href=\"https:\/\/www.google.it\/maps\/place\/Corso+Umberto+I,+78,+97014+Ispica+RG\/@36.7862318,14.9023935,16z\/data=!3m1!4b1!4m6!3m5!1s0x13118e9b235347f3:0x53e0bb9fd4205963!8m2!3d36.7862275!4d14.9049684!16s%2Fg%2F11x76l0rh1?entry=ttu&#038;g_ep=EgoyMDI1MDYyMi4wIKXMDSoASAFQAw%3D%3D\" target=\"_blank\" rel=\"nofollow noopener\" class=\"elementor-icon\" tabindex=\"-1\" aria-label=\"Adresse\">\n\t\t\t\t<svg xmlns=\"http:\/\/www.w3.org\/2000\/svg\" width=\"29\" height=\"31\" viewBox=\"0 0 29 31\" fill=\"none\"><path fill-rule=\"evenodd\" clip-rule=\"evenodd\" d=\"M14.8438 0C18.5568 0 22.1177 1.43933 24.7432 4.00135C27.3688 6.56337 28.8438 10.0382 28.8438 13.6615C28.8438 18.3276 26.2366 22.1467 23.4895 24.8866C22.1168 26.2405 20.6192 27.4681 19.0158 28.554L18.3531 28.9942L18.042 29.1961L17.4555 29.5604L16.9329 29.8715L16.2858 30.2389C15.8463 30.483 15.3494 30.6113 14.8438 30.6113C14.3381 30.6113 13.8412 30.483 13.4018 30.2389L12.7546 29.8715L11.9458 29.3858L11.6471 29.1961L11.0093 28.7817C9.27949 27.6391 7.66808 26.3346 6.19797 24.8866C3.45086 22.1452 0.84375 18.3276 0.84375 13.6615C0.84375 10.0382 2.31875 6.56337 4.94425 4.00135C7.56976 1.43933 11.1307 0 14.8438 0ZM14.8438 3.03588C11.9558 3.03588 9.18621 4.15536 7.14414 6.14804C5.10208 8.14072 3.95486 10.8434 3.95486 13.6615C3.95486 17.1861 5.93353 20.2797 8.42086 22.763C9.49049 23.8194 10.6465 24.789 11.8773 25.6623L12.5897 26.1571C12.82 26.3135 13.0409 26.4592 13.254 26.5943L13.8606 26.9738L14.3942 27.291L14.8438 27.5476L15.5515 27.1393L16.1224 26.7901C16.4257 26.6019 16.7524 26.3909 17.0978 26.1571L17.8102 25.6623C19.041 24.789 20.197 23.8194 21.2666 22.763C23.754 20.2812 25.7326 17.1861 25.7326 13.6615C25.7326 10.8434 24.5854 8.14072 22.5434 6.14804C20.5013 4.15536 17.7317 3.03588 14.8438 3.03588ZM14.8438 7.5897C16.494 7.5897 18.0766 8.2294 19.2435 9.36808C20.4104 10.5068 21.066 12.0511 21.066 13.6615C21.066 15.2718 20.4104 16.8162 19.2435 17.9548C18.0766 19.0935 16.494 19.7332 14.8438 19.7332C13.1935 19.7332 11.6109 19.0935 10.444 17.9548C9.27708 16.8162 8.62153 15.2718 8.62153 13.6615C8.62153 12.0511 9.27708 10.5068 10.444 9.36808C11.6109 8.2294 13.1935 7.5897 14.8438 7.5897ZM14.8438 10.6256C14.0186 10.6256 13.2273 10.9454 12.6439 11.5148C12.0604 12.0841 11.7326 12.8563 11.7326 13.6615C11.7326 14.4666 12.0604 15.2388 12.6439 15.8082C13.2273 16.3775 14.0186 16.6973 14.8438 16.6973C15.6689 16.6973 16.4602 16.3775 17.0436 15.8082C17.6271 15.2388 17.9549 14.4666 17.9549 13.6615C17.9549 12.8563 17.6271 12.0841 17.0436 11.5148C16.4602 10.9454 15.6689 10.6256 14.8438 10.6256Z\" fill=\"white\"><\/path><\/svg>\t\t\t\t<\/a>\n\t\t\t<\/div>\n\t\t\t\n\t\t\t\t\t\t<div class=\"elementor-icon-box-content\">\n\n\t\t\t\t\t\t\t\t\t<div class=\"elementor-icon-box-title\">\n\t\t\t\t\t\t<a href=\"https:\/\/www.google.it\/maps\/place\/Corso+Umberto+I,+78,+97014+Ispica+RG\/@36.7862318,14.9023935,16z\/data=!3m1!4b1!4m6!3m5!1s0x13118e9b235347f3:0x53e0bb9fd4205963!8m2!3d36.7862275!4d14.9049684!16s%2Fg%2F11x76l0rh1?entry=ttu&#038;g_ep=EgoyMDI1MDYyMi4wIKXMDSoASAFQAw%3D%3D\" target=\"_blank\" rel=\"nofollow noopener\">\n\t\t\t\t\t\t\tAdresse\t\t\t\t\t\t<\/a>\n\t\t\t\t\t<\/div>\n\t\t\t\t\n\t\t\t\t\t\t\t\t\t<p class=\"elementor-icon-box-description\">\n\t\t\t\t\t\tCorso Umberto 78 97014 Ispica (RG) Sicile Italie\t\t\t\t\t<\/p>\n\t\t\t\t\n\t\t\t<\/div>\n\t\t\t\n\t\t<\/div>\n\t\t\t\t\t\t<\/div>\n\t\t\t\t<\/div>\n\t\t\t\t<div class=\"elementor-element elementor-element-5c90610 elementor-view-stacked elementor-shape-rounded elementor-position-left elementor-mobile-position-left elementor-widget elementor-widget-icon-box\" data-id=\"5c90610\" data-element_type=\"widget\" data-widget_type=\"icon-box.default\">\n\t\t\t\t<div class=\"elementor-widget-container\">\n\t\t\t\t\t\t\t<div class=\"elementor-icon-box-wrapper\">\n\n\t\t\t\t\t\t<div class=\"elementor-icon-box-icon\">\n\t\t\t\t<a href=\"tel:+393487696235\" class=\"elementor-icon\" tabindex=\"-1\" aria-label=\"T\u00e9l\">\n\t\t\t\t<svg aria-hidden=\"true\" class=\"e-font-icon-svg e-fas-phone-alt\" viewBox=\"0 0 512 512\" xmlns=\"http:\/\/www.w3.org\/2000\/svg\"><path d=\"M497.39 361.8l-112-48a24 24 0 0 0-28 6.9l-49.6 60.6A370.66 370.66 0 0 1 130.6 204.11l60.6-49.6a23.94 23.94 0 0 0 6.9-28l-48-112A24.16 24.16 0 0 0 122.6.61l-104 24A24 24 0 0 0 0 48c0 256.5 207.9 464 464 464a24 24 0 0 0 23.4-18.6l24-104a24.29 24.29 0 0 0-14.01-27.6z\"><\/path><\/svg>\t\t\t\t<\/a>\n\t\t\t<\/div>\n\t\t\t\n\t\t\t\t\t\t<div class=\"elementor-icon-box-content\">\n\n\t\t\t\t\t\t\t\t\t<h3 class=\"elementor-icon-box-title\">\n\t\t\t\t\t\t<a href=\"tel:+393487696235\" >\n\t\t\t\t\t\t\tT\u00e9l\t\t\t\t\t\t<\/a>\n\t\t\t\t\t<\/h3>\n\t\t\t\t\n\t\t\t\t\t\t\t\t\t<p class=\"elementor-icon-box-description\">\n\t\t\t\t\t\t+393487696235\t\t\t\t\t<\/p>\n\t\t\t\t\n\t\t\t<\/div>\n\t\t\t\n\t\t<\/div>\n\t\t\t\t\t\t<\/div>\n\t\t\t\t<\/div>\n\t\t\t\t<div class=\"elementor-element elementor-element-00a8552 elementor-view-stacked elementor-shape-rounded elementor-position-left elementor-mobile-position-left elementor-widget elementor-widget-icon-box\" data-id=\"00a8552\" data-element_type=\"widget\" data-widget_type=\"icon-box.default\">\n\t\t\t\t<div class=\"elementor-widget-container\">\n\t\t\t\t\t\t\t<div class=\"elementor-icon-box-wrapper\">\n\n\t\t\t\t\t\t<div class=\"elementor-icon-box-icon\">\n\t\t\t\t<a href=\"mailto:info@sicilymyhome.com\" class=\"elementor-icon\" tabindex=\"-1\" aria-label=\"Courrier\">\n\t\t\t\t<svg aria-hidden=\"true\" class=\"e-font-icon-svg e-far-envelope\" viewBox=\"0 0 512 512\" xmlns=\"http:\/\/www.w3.org\/2000\/svg\"><path d=\"M464 64H48C21.49 64 0 85.49 0 112v288c0 26.51 21.49 48 48 48h416c26.51 0 48-21.49 48-48V112c0-26.51-21.49-48-48-48zm0 48v40.805c-22.422 18.259-58.168 46.651-134.587 106.49-16.841 13.247-50.201 45.072-73.413 44.701-23.208.375-56.579-31.459-73.413-44.701C106.18 199.465 70.425 171.067 48 152.805V112h416zM48 400V214.398c22.914 18.251 55.409 43.862 104.938 82.646 21.857 17.205 60.134 55.186 103.062 54.955 42.717.231 80.509-37.199 103.053-54.947 49.528-38.783 82.032-64.401 104.947-82.653V400H48z\"><\/path><\/svg>\t\t\t\t<\/a>\n\t\t\t<\/div>\n\t\t\t\n\t\t\t\t\t\t<div class=\"elementor-icon-box-content\">\n\n\t\t\t\t\t\t\t\t\t<h3 class=\"elementor-icon-box-title\">\n\t\t\t\t\t\t<a href=\"mailto:info@sicilymyhome.com\" >\n\t\t\t\t\t\t\tCourrier\t\t\t\t\t\t<\/a>\n\t\t\t\t\t<\/h3>\n\t\t\t\t\n\t\t\t\t\t\t\t\t\t<p class=\"elementor-icon-box-description\">\n\t\t\t\t\t\tinfo@sicilymyhome.com\t\t\t\t\t<\/p>\n\t\t\t\t\n\t\t\t<\/div>\n\t\t\t\n\t\t<\/div>\n\t\t\t\t\t\t<\/div>\n\t\t\t\t<\/div>\n\t\t\t\t<\/div>\n\t\t\t\t<\/div>\n\t\t<div class=\"elementor-element elementor-element-b754329 e-con-full e-flex e-con e-child\" data-id=\"b754329\" data-element_type=\"container\" data-settings=\"{&quot;jet_parallax_layout_list&quot;:[]}\">\n\t\t\t\t<div class=\"elementor-element elementor-element-b0316d5 elementor-widget elementor-widget-google_maps\" data-id=\"b0316d5\" data-element_type=\"widget\" data-widget_type=\"google_maps.default\">\n\t\t\t\t<div class=\"elementor-widget-container\">\n\t\t\t\t\t\t\t<div class=\"elementor-custom-embed\">\n\t\t\t<iframe loading=\"lazy\"\n\t\t\t\t\tsrc=\"https:\/\/maps.google.com\/maps?q=Corso%20Umberto%2078%2097014%20Ispica%20%28RG%29%20Sicilia%20Italia&#038;t=m&#038;z=10&#038;output=embed&#038;iwloc=near\"\n\t\t\t\t\ttitle=\"Corso Umberto 78 97014 Ispica (RG) Sicilia Italia\"\n\t\t\t\t\taria-label=\"Corso Umberto 78 97014 Ispica (RG) Sicilia Italia\"\n\t\t\t><\/iframe>\n\t\t<\/div>\n\t\t\t\t\t\t<\/div>\n\t\t\t\t<\/div>\n\t\t\t\t<\/div>\n\t\t\t\t<\/div>\n\t\t\t\t\t<\/div>\n\t\t\t\t<\/div>\n\t\t<div class=\"elementor-element elementor-element-f0bb915 e-flex e-con-boxed e-con e-parent\" data-id=\"f0bb915\" data-element_type=\"container\" data-settings=\"{&quot;background_background&quot;:&quot;classic&quot;,&quot;jet_parallax_layout_list&quot;:[]}\">\n\t\t\t\t\t<div class=\"e-con-inner\">\n\t\t<div class=\"elementor-element elementor-element-e75521d e-con-full e-flex e-con e-child\" data-id=\"e75521d\" data-element_type=\"container\" data-settings=\"{&quot;jet_parallax_layout_list&quot;:[]}\">\n\t\t\t\t<div class=\"elementor-element elementor-element-ef92338 elementor-widget elementor-widget-heading\" data-id=\"ef92338\" data-element_type=\"widget\" data-widget_type=\"heading.default\">\n\t\t\t\t<div class=\"elementor-widget-container\">\n\t\t\t\t\t<h3 class=\"elementor-heading-title elementor-size-default\">Service de conciergerie<\/h3>\t\t\t\t<\/div>\n\t\t\t\t<\/div>\n\t\t\t\t<div class=\"elementor-element elementor-element-0ba2c54 elementor-widget elementor-widget-text-editor\" data-id=\"0ba2c54\" data-element_type=\"widget\" data-widget_type=\"text-editor.default\">\n\t\t\t\t<div class=\"elementor-widget-container\">\n\t\t\t\t\t\t\t\t\t<p>Vous souhaitez organiser des vacances inoubliables en Sicile ? Notre service de conciergerie est \u00e0 votre enti\u00e8re disposition pour vous offrir des conseils personnalis\u00e9s et vous aider \u00e0 planifier chaque d\u00e9tail de votre s\u00e9jour.<br>Remplissez le formulaire avec vos coordonn\u00e9es et votre demande : nous vous contacterons dans les plus brefs d\u00e9lais. <\/p>\n\t\t\t\t\t\t\t\t<\/div>\n\t\t\t\t<\/div>\n\t\t\t\t<\/div>\n\t\t\t\t\t<\/div>\n\t\t\t\t<\/div>\n\t\t<div class=\"elementor-element elementor-element-466b72a e-flex e-con-boxed e-con e-parent\" data-id=\"466b72a\" data-element_type=\"container\" data-settings=\"{&quot;jet_parallax_layout_list&quot;:[]}\">\n\t\t\t\t\t<div class=\"e-con-inner\">\n\t\t<div class=\"elementor-element elementor-element-38b54e7 e-con-full e-flex e-con e-child\" data-id=\"38b54e7\" data-element_type=\"container\" data-settings=\"{&quot;background_background&quot;:&quot;classic&quot;,&quot;jet_parallax_layout_list&quot;:[]}\">\n\t\t\t\t<div class=\"elementor-element elementor-element-f788650 elementor-button-align-start elementor-widget elementor-widget-form\" data-id=\"f788650\" data-element_type=\"widget\" data-settings=\"{&quot;step_next_label&quot;:&quot;Suivant&quot;,&quot;step_previous_label&quot;:&quot;Pr\\u00e9c\\u00e9dent&quot;,&quot;button_width&quot;:&quot;100&quot;,&quot;step_type&quot;:&quot;number_text&quot;,&quot;step_icon_shape&quot;:&quot;circle&quot;}\" data-widget_type=\"form.default\">\n\t\t\t\t<div class=\"elementor-widget-container\">\n\t\t\t\t\t\t\t<form class=\"elementor-form\" method=\"post\" name=\"Nouveau formulaire\" aria-label=\"Nouveau formulaire\">\n\t\t\t<input type=\"hidden\" name=\"post_id\" value=\"9836\"\/>\n\t\t\t<input type=\"hidden\" name=\"form_id\" value=\"f788650\"\/>\n\t\t\t<input type=\"hidden\" name=\"referer_title\" value=\"\" \/>\n\n\t\t\t\n\t\t\t<div class=\"elementor-form-fields-wrapper elementor-labels-above\">\n\t\t\t\t\t\t\t\t<div class=\"elementor-field-type-text elementor-field-group elementor-column elementor-field-group-name elementor-col-50\">\n\t\t\t\t\t\t\t\t\t\t\t\t<label for=\"form-field-name\" class=\"elementor-field-label\">\n\t\t\t\t\t\t\t\tPr\u00e9nom\t\t\t\t\t\t\t<\/label>\n\t\t\t\t\t\t\t\t\t\t\t\t\t\t<input size=\"1\" type=\"text\" name=\"form_fields[name]\" id=\"form-field-name\" class=\"elementor-field elementor-size-md  elementor-field-textual\" placeholder=\"Pr\u00e9nom\">\n\t\t\t\t\t\t\t\t\t\t\t<\/div>\n\t\t\t\t\t\t\t\t<div class=\"elementor-field-type-text elementor-field-group elementor-column elementor-field-group-field_856f066 elementor-col-50\">\n\t\t\t\t\t\t\t\t\t\t\t\t<label for=\"form-field-field_856f066\" class=\"elementor-field-label\">\n\t\t\t\t\t\t\t\tNom\t\t\t\t\t\t\t<\/label>\n\t\t\t\t\t\t\t\t\t\t\t\t\t\t<input size=\"1\" type=\"text\" name=\"form_fields[field_856f066]\" id=\"form-field-field_856f066\" class=\"elementor-field elementor-size-md  elementor-field-textual\" placeholder=\"Nom\">\n\t\t\t\t\t\t\t\t\t\t\t<\/div>\n\t\t\t\t\t\t\t\t<div class=\"elementor-field-type-tel elementor-field-group elementor-column elementor-field-group-field_00f2a20 elementor-col-50\">\n\t\t\t\t\t\t\t\t\t\t\t\t<label for=\"form-field-field_00f2a20\" class=\"elementor-field-label\">\n\t\t\t\t\t\t\t\tT\u00e9l\u00e9phone\t\t\t\t\t\t\t<\/label>\n\t\t\t\t\t\t\t\t<input size=\"1\" type=\"tel\" name=\"form_fields[field_00f2a20]\" id=\"form-field-field_00f2a20\" class=\"elementor-field elementor-size-md  elementor-field-textual\" placeholder=\"T\u00e9l\u00e9phone\" pattern=\"[0-9()#&amp;+*-=.]+\" title=\"Seuls les caract\u00e8res de num\u00e9ros de t\u00e9l\u00e9phone (#, -, *, etc.) sont accept\u00e9s.\">\n\n\t\t\t\t\t\t<\/div>\n\t\t\t\t\t\t\t\t<div class=\"elementor-field-type-email elementor-field-group elementor-column elementor-field-group-email elementor-col-50 elementor-field-required\">\n\t\t\t\t\t\t\t\t\t\t\t\t<label for=\"form-field-email\" class=\"elementor-field-label\">\n\t\t\t\t\t\t\t\tE-mail\t\t\t\t\t\t\t<\/label>\n\t\t\t\t\t\t\t\t\t\t\t\t\t\t<input size=\"1\" type=\"email\" name=\"form_fields[email]\" id=\"form-field-email\" class=\"elementor-field elementor-size-md  elementor-field-textual\" placeholder=\"E-mail\" required=\"required\">\n\t\t\t\t\t\t\t\t\t\t\t<\/div>\n\t\t\t\t\t\t\t\t<div class=\"elementor-field-type-text elementor-field-group elementor-column elementor-field-group-field_667769c elementor-col-100\">\n\t\t\t\t\t\t\t\t\t\t\t\t<label for=\"form-field-field_667769c\" class=\"elementor-field-label\">\n\t\t\t\t\t\t\t\tObjet\t\t\t\t\t\t\t<\/label>\n\t\t\t\t\t\t\t\t\t\t\t\t\t\t<input size=\"1\" type=\"text\" name=\"form_fields[field_667769c]\" id=\"form-field-field_667769c\" class=\"elementor-field elementor-size-md  elementor-field-textual\" placeholder=\"Objet\">\n\t\t\t\t\t\t\t\t\t\t\t<\/div>\n\t\t\t\t\t\t\t\t<div class=\"elementor-field-type-textarea elementor-field-group elementor-column elementor-field-group-message elementor-col-100\">\n\t\t\t\t\t\t\t\t\t\t\t\t<label for=\"form-field-message\" class=\"elementor-field-label\">\n\t\t\t\t\t\t\t\tMessage\t\t\t\t\t\t\t<\/label>\n\t\t\t\t\t\t<textarea class=\"elementor-field-textual elementor-field  elementor-size-md\" name=\"form_fields[message]\" id=\"form-field-message\" rows=\"4\" placeholder=\"Message\"><\/textarea>\t\t\t\t<\/div>\n\t\t\t\t\t\t\t\t<div class=\"elementor-field-group elementor-column elementor-field-type-submit elementor-col-100 e-form__buttons\">\n\t\t\t\t\t<button class=\"elementor-button elementor-size-sm\" type=\"submit\">\n\t\t\t\t\t\t<span class=\"elementor-button-content-wrapper\">\n\t\t\t\t\t\t\t\t\t\t\t\t\t\t\t\t\t\t\t\t\t\t<span class=\"elementor-button-text\">Envoyer le message<\/span>\n\t\t\t\t\t\t\t\t\t\t\t\t\t<\/span>\n\t\t\t\t\t<\/button>\n\t\t\t\t<\/div>\n\t\t\t<\/div>\n\t\t<\/form>\n\t\t\t\t\t\t<\/div>\n\t\t\t\t<\/div>\n\t\t\t\t<\/div>\n\t\t\t\t\t<\/div>\n\t\t\t\t<\/div>\n\t\t\t\t<\/div>\n\t\t","protected":false},"excerpt":{"rendered":"<p>Corso Umberto 78 97014 Ispica (RG) Sicile Italie +393487696235 info@sicilymyhome.com<\/p>\n","protected":false},"author":1,"featured_media":9840,"parent":0,"menu_order":0,"comment_status":"closed","ping_status":"closed","template":"elementor_header_footer","meta":{"footnotes":""},"class_list":["post-9836","page","type-page","status-publish","has-post-thumbnail","hentry"],"_links":{"self":[{"href":"https:\/\/staging2.sicilymyhome.com\/fr\/wp-json\/wp\/v2\/pages\/9836","targetHints":{"allow":["GET"]}}],"collection":[{"href":"https:\/\/staging2.sicilymyhome.com\/fr\/wp-json\/wp\/v2\/pages"}],"about":[{"href":"https:\/\/staging2.sicilymyhome.com\/fr\/wp-json\/wp\/v2\/types\/page"}],"author":[{"embeddable":true,"href":"https:\/\/staging2.sicilymyhome.com\/fr\/wp-json\/wp\/v2\/users\/1"}],"replies":[{"embeddable":true,"href":"https:\/\/staging2.sicilymyhome.com\/fr\/wp-json\/wp\/v2\/comments?post=9836"}],"version-history":[{"count":1,"href":"https:\/\/staging2.sicilymyhome.com\/fr\/wp-json\/wp\/v2\/pages\/9836\/revisions"}],"predecessor-version":[{"id":9841,"href":"https:\/\/staging2.sicilymyhome.com\/fr\/wp-json\/wp\/v2\/pages\/9836\/revisions\/9841"}],"wp:featuredmedia":[{"embeddable":true,"href":"https:\/\/staging2.sicilymyhome.com\/fr\/wp-json\/wp\/v2\/media\/9840"}],"wp:attachment":[{"href":"https:\/\/staging2.sicilymyhome.com\/fr\/wp-json\/wp\/v2\/media?parent=9836"}],"curies":[{"name":"wp","href":"https:\/\/api.w.org\/{rel}","templated":true}]}}